{"id":7057,"date":"2023-01-19T21:06:24","date_gmt":"2023-01-19T18:06:24","guid":{"rendered":"https:\/\/swiss-genetics.com\/about-us\/"},"modified":"2023-06-29T18:27:16","modified_gmt":"2023-06-29T15:27:16","slug":"a-propos","status":"publish","type":"page","link":"https:\/\/swiss-genetics.com\/fr\/a-propos\/","title":{"rendered":"\u00c0 PROPOS ?"},"content":{"rendered":"<p>Swiss Center for Genetics est un centre scientifique multidisciplinaire de pointe sp\u00e9cialis\u00e9 dans les tests g\u00e9n\u00e9tiques personnalis\u00e9s pour les professionnels. Disposant de notre propre laboratoire \u00e0 Montreux en Suisse, nous offrons un large panel de tests et la fabrication en marque blanche de produits dans les domaines de la sant\u00e9 et de la beaut\u00e9.<\/p>\n<p>Avec une expertise unique en \u00e9pig\u00e9n\u00e9tique qui s\u2019appuie sur plus de 20 ann\u00e9es d\u2019exp\u00e9rience, notre \u00e9quipe de g\u00e9n\u00e9ticiens et de biochimistes de haut niveau propose une approche personnalis\u00e9e de la sant\u00e9 et de la beaut\u00e9, pr\u00e9disant et pr\u00e9venant les probl\u00e8mes li\u00e9s aux hormones, le detox, la fertilit\u00e9, la gestion du poids corporel, le stress et les causes du vieillissement de la peau.<\/p>\n<p>En tant que partenaire privil\u00e9gi\u00e9 des professionnels de la sant\u00e9 et de la beaut\u00e9, nous op\u00e9rons avec discr\u00e9tion, rigueur, cr\u00e9dibilit\u00e9 et transparence m\u00e9thodologique afin de leur proposer un soutien en tout point irr\u00e9prochable \u00e0 l\u2019utilisation de tests g\u00e9n\u00e9tiques dans leur pratique quotidienne.<\/p>\n<h2 id=\"mission\" class=\"h3 left_line\" style=\"text-align: left !important; margin-top: 2rem; margin-bottom: 2rem;\">NOTRE MISSION<\/h2>\n<div class=\"title_eyebrow\" style=\"margin-top: 2rem; margin-bottom: 1rem;\"><\/div>\n<p>Chez Swiss Center for Genetics, nous sommes convaincus que si chaque individu est unique, la gestion de sa sant\u00e9 et du vieillissement cutan\u00e9 doit l\u2019\u00eatre tout autant. C\u2019est pourquoi nous nous appuyons sur une approche scientifique bas\u00e9e sur l\u2019\u00e9pig\u00e9n\u00e9tique qui cible les causes individuelles des sympt\u00f4mes et emp\u00eache l\u2019expression des mauvais g\u00e8nes pour mener \u00e0 bien notre mission\u00a0: faire de chaque individu la meilleure version de lui-m\u00eame.<\/p>\n<h2 class=\"h3 left_line\" style=\"text-align: left !important; margin-top: 2rem; margin-bottom: 2rem;\">NOTRE EXPERTISE<\/h2>\n<div class=\"title_eyebrow\" style=\"margin-top: 2rem; margin-bottom: 1rem;\"><\/div>\n<p>L&rsquo;\u00e9pig\u00e9n\u00e9tique est une branche de la g\u00e9n\u00e9tique qui \u00e9tudie les r\u00e9actions biochimiques r\u00e9gulant l&rsquo;activation et la d\u00e9sactivation des g\u00e8nes. Elle examine les facteurs influents tels que le mode de vie, l&rsquo;alimentation et les suppl\u00e9ments nutritionnels actifs, en fonction des pr\u00e9dispositions individuelles. Cette approche permet de comprendre comment les maladies ou les d\u00e9g\u00e9n\u00e9rescences se d\u00e9veloppent et de cibler directement les causes sp\u00e9cifiques des sympt\u00f4mes. En adoptant une vision \u00e0 long terme de la sant\u00e9, nous d\u00e9veloppons des protocoles visant \u00e0 d\u00e9sactiver les expressions g\u00e9n\u00e9tiques ind\u00e9sirables, rendant les traitements plus efficaces et red\u00e9finissant la pr\u00e9vention dans la pratique clinique.<\/p>\n<p><strong style=\"font-style: italic; font-size: 120%;\">\u201cSwiss Center for Genetics, where science produces health\u201d<\/strong><\/p>\n<div class=\"title_eyebrow\" style=\"margin-top: 2rem; margin-bottom: 1rem;\"><\/div>\n","protected":false},"excerpt":{"rendered":"<p>Swiss Center for Genetics est un centre scientifique multidisciplinaire de pointe sp\u00e9cialis\u00e9 dans les tests g\u00e9n\u00e9tiques personnalis\u00e9s pour les professionnels&#8230;.<\/p>\n","protected":false},"author":1,"featured_media":6916,"parent":0,"menu_order":0,"comment_status":"closed","ping_status":"closed","template":"page-basic-page.php","meta":[],"acf":[],"yoast_head":"<!-- This site is optimized with the Yoast SEO plugin v20.8 - https:\/\/yoast.com\/wordpress\/plugins\/seo\/ -->\n<title>\u00c0 PROPOS ? - Swiss Center for Genetics<\/title>\n<meta name=\"description\" content=\"Swiss Center for Genetics is a place of unique fusion of leading expertise. Top level geneticists, doctors and biochemists operate the two in-house laboratories (diagnostics and production), which allows for a unique interdisciplinary approach when creating testing panels and treatment protocols.\" \/>\n<meta name=\"robots\" content=\"index, follow, max-snippet:-1, max-image-preview:large, max-video-preview:-1\" \/>\n<link rel=\"canonical\" href=\"https:\/\/swiss-genetics.com\/fr\/a-propos\/\" \/>\n<meta property=\"og:locale\" content=\"fr_FR\" \/>\n<meta property=\"og:type\" content=\"article\" \/>\n<meta property=\"og:title\" content=\"\u00c0 PROPOS ? - Swiss Center for Genetics\" \/>\n<meta property=\"og:description\" content=\"Swiss Center for Genetics is a place of unique fusion of leading expertise. Top level geneticists, doctors and biochemists operate the two in-house laboratories (diagnostics and production), which allows for a unique interdisciplinary approach when creating testing panels and treatment protocols.\" \/>\n<meta property=\"og:url\" content=\"https:\/\/swiss-genetics.com\/fr\/a-propos\/\" \/>\n<meta property=\"og:site_name\" content=\"RCLIN\" \/>\n<meta property=\"article:modified_time\" content=\"2023-06-29T15:27:16+00:00\" \/>\n<meta property=\"og:image\" content=\"https:\/\/swiss-genetics.com\/wp-content\/uploads\/2018\/12\/philosophy.jpg\" \/>\n\t<meta property=\"og:image:width\" content=\"1920\" \/>\n\t<meta property=\"og:image:height\" content=\"485\" \/>\n\t<meta property=\"og:image:type\" content=\"image\/jpeg\" \/>\n<meta name=\"twitter:card\" content=\"summary_large_image\" \/>\n<meta name=\"twitter:label1\" content=\"Dur\u00e9e de lecture estim\u00e9e\" \/>\n\t<meta name=\"twitter:data1\" content=\"2 minutes\" \/>\n<script type=\"application\/ld+json\" class=\"yoast-schema-graph\">{\"@context\":\"https:\/\/schema.org\",\"@graph\":[{\"@type\":\"WebPage\",\"@id\":\"https:\/\/swiss-genetics.com\/fr\/a-propos\/\",\"url\":\"https:\/\/swiss-genetics.com\/fr\/a-propos\/\",\"name\":\"\u00c0 PROPOS ? - Swiss Center for Genetics\",\"isPartOf\":{\"@id\":\"https:\/\/swiss-genetics.com\/fr\/#website\"},\"datePublished\":\"2023-01-19T18:06:24+00:00\",\"dateModified\":\"2023-06-29T15:27:16+00:00\",\"description\":\"Swiss Center for Genetics is a place of unique fusion of leading expertise. Top level geneticists, doctors and biochemists operate the two in-house laboratories (diagnostics and production), which allows for a unique interdisciplinary approach when creating testing panels and treatment protocols.\",\"breadcrumb\":{\"@id\":\"https:\/\/swiss-genetics.com\/fr\/a-propos\/#breadcrumb\"},\"inLanguage\":\"fr-FR\",\"potentialAction\":[{\"@type\":\"ReadAction\",\"target\":[\"https:\/\/swiss-genetics.com\/fr\/a-propos\/\"]}]},{\"@type\":\"BreadcrumbList\",\"@id\":\"https:\/\/swiss-genetics.com\/fr\/a-propos\/#breadcrumb\",\"itemListElement\":[{\"@type\":\"ListItem\",\"position\":1,\"name\":\"Home\",\"item\":\"https:\/\/swiss-genetics.com\/fr\/\"},{\"@type\":\"ListItem\",\"position\":2,\"name\":\"\u00c0 PROPOS ?\"}]},{\"@type\":\"WebSite\",\"@id\":\"https:\/\/swiss-genetics.com\/fr\/#website\",\"url\":\"https:\/\/swiss-genetics.com\/fr\/\",\"name\":\"RCLIN\",\"description\":\"\",\"alternateName\":\"Rclin Swiss Center for Genetics\",\"potentialAction\":[{\"@type\":\"SearchAction\",\"target\":{\"@type\":\"EntryPoint\",\"urlTemplate\":\"https:\/\/swiss-genetics.com\/fr\/?s={search_term_string}\"},\"query-input\":\"required name=search_term_string\"}],\"inLanguage\":\"fr-FR\"}]}<\/script>\n<!-- \/ Yoast SEO plugin. -->","yoast_head_json":{"title":"\u00c0 PROPOS ? - Swiss Center for Genetics","description":"Swiss Center for Genetics is a place of unique fusion of leading expertise. Top level geneticists, doctors and biochemists operate the two in-house laboratories (diagnostics and production), which allows for a unique interdisciplinary approach when creating testing panels and treatment protocols.","robots":{"index":"index","follow":"follow","max-snippet":"max-snippet:-1","max-image-preview":"max-image-preview:large","max-video-preview":"max-video-preview:-1"},"canonical":"https:\/\/swiss-genetics.com\/fr\/a-propos\/","og_locale":"fr_FR","og_type":"article","og_title":"\u00c0 PROPOS ? - Swiss Center for Genetics","og_description":"Swiss Center for Genetics is a place of unique fusion of leading expertise. Top level geneticists, doctors and biochemists operate the two in-house laboratories (diagnostics and production), which allows for a unique interdisciplinary approach when creating testing panels and treatment protocols.","og_url":"https:\/\/swiss-genetics.com\/fr\/a-propos\/","og_site_name":"RCLIN","article_modified_time":"2023-06-29T15:27:16+00:00","og_image":[{"width":1920,"height":485,"url":"https:\/\/swiss-genetics.com\/wp-content\/uploads\/2018\/12\/philosophy.jpg","type":"image\/jpeg"}],"twitter_card":"summary_large_image","twitter_misc":{"Dur\u00e9e de lecture estim\u00e9e":"2 minutes"},"schema":{"@context":"https:\/\/schema.org","@graph":[{"@type":"WebPage","@id":"https:\/\/swiss-genetics.com\/fr\/a-propos\/","url":"https:\/\/swiss-genetics.com\/fr\/a-propos\/","name":"\u00c0 PROPOS ? - Swiss Center for Genetics","isPartOf":{"@id":"https:\/\/swiss-genetics.com\/fr\/#website"},"datePublished":"2023-01-19T18:06:24+00:00","dateModified":"2023-06-29T15:27:16+00:00","description":"Swiss Center for Genetics is a place of unique fusion of leading expertise. Top level geneticists, doctors and biochemists operate the two in-house laboratories (diagnostics and production), which allows for a unique interdisciplinary approach when creating testing panels and treatment protocols.","breadcrumb":{"@id":"https:\/\/swiss-genetics.com\/fr\/a-propos\/#breadcrumb"},"inLanguage":"fr-FR","potentialAction":[{"@type":"ReadAction","target":["https:\/\/swiss-genetics.com\/fr\/a-propos\/"]}]},{"@type":"BreadcrumbList","@id":"https:\/\/swiss-genetics.com\/fr\/a-propos\/#breadcrumb","itemListElement":[{"@type":"ListItem","position":1,"name":"Home","item":"https:\/\/swiss-genetics.com\/fr\/"},{"@type":"ListItem","position":2,"name":"\u00c0 PROPOS ?"}]},{"@type":"WebSite","@id":"https:\/\/swiss-genetics.com\/fr\/#website","url":"https:\/\/swiss-genetics.com\/fr\/","name":"RCLIN","description":"","alternateName":"Rclin Swiss Center for Genetics","potentialAction":[{"@type":"SearchAction","target":{"@type":"EntryPoint","urlTemplate":"https:\/\/swiss-genetics.com\/fr\/?s={search_term_string}"},"query-input":"required name=search_term_string"}],"inLanguage":"fr-FR"}]}},"_links":{"self":[{"href":"https:\/\/swiss-genetics.com\/fr\/wp-json\/wp\/v2\/pages\/7057"}],"collection":[{"href":"https:\/\/swiss-genetics.com\/fr\/wp-json\/wp\/v2\/pages"}],"about":[{"href":"https:\/\/swiss-genetics.com\/fr\/wp-json\/wp\/v2\/types\/page"}],"author":[{"embeddable":true,"href":"https:\/\/swiss-genetics.com\/fr\/wp-json\/wp\/v2\/users\/1"}],"replies":[{"embeddable":true,"href":"https:\/\/swiss-genetics.com\/fr\/wp-json\/wp\/v2\/comments?post=7057"}],"version-history":[{"count":9,"href":"https:\/\/swiss-genetics.com\/fr\/wp-json\/wp\/v2\/pages\/7057\/revisions"}],"predecessor-version":[{"id":7132,"href":"https:\/\/swiss-genetics.com\/fr\/wp-json\/wp\/v2\/pages\/7057\/revisions\/7132"}],"wp:featuredmedia":[{"embeddable":true,"href":"https:\/\/swiss-genetics.com\/fr\/wp-json\/wp\/v2\/media\/6916"}],"wp:attachment":[{"href":"https:\/\/swiss-genetics.com\/fr\/wp-json\/wp\/v2\/media?parent=7057"}],"curies":[{"name":"wp","href":"https:\/\/api.w.org\/{rel}","templated":true}]}}