{"id":7147,"date":"2023-01-18T19:50:25","date_gmt":"2023-01-18T16:50:25","guid":{"rendered":"https:\/\/swiss-genetics.com\/test-panels\/"},"modified":"2024-11-13T07:03:29","modified_gmt":"2024-11-13T04:03:29","slug":"panels-de-test","status":"publish","type":"page","link":"https:\/\/swiss-genetics.com\/fr\/panels-de-test\/","title":{"rendered":"PANELS DE TEST"},"content":{"rendered":"<p>D\u00e9couvrez nos tests g\u00e9n\u00e9tiques:<\/p>\n","protected":false},"excerpt":{"rendered":"<p>D\u00e9couvrez nos tests g\u00e9n\u00e9tiques:<\/p>\n","protected":false},"author":1,"featured_media":6997,"parent":0,"menu_order":0,"comment_status":"closed","ping_status":"closed","template":"page-tests_template.php","meta":[],"acf":[],"yoast_head":"<!-- This site is optimized with the Yoast SEO plugin v20.8 - https:\/\/yoast.com\/wordpress\/plugins\/seo\/ -->\n<title>PANELS DE TEST - Swiss Center for Genetics<\/title>\n<meta name=\"robots\" content=\"index, follow, max-snippet:-1, max-image-preview:large, max-video-preview:-1\" \/>\n<link rel=\"canonical\" href=\"https:\/\/swiss-genetics.com\/fr\/panels-de-test\/\" \/>\n<meta property=\"og:locale\" content=\"fr_FR\" \/>\n<meta property=\"og:type\" content=\"article\" \/>\n<meta property=\"og:title\" content=\"PANELS DE TEST - Swiss Center for Genetics\" \/>\n<meta property=\"og:description\" content=\"D\u00e9couvrez nos tests g\u00e9n\u00e9tiques:\" \/>\n<meta property=\"og:url\" content=\"https:\/\/swiss-genetics.com\/fr\/panels-de-test\/\" \/>\n<meta property=\"og:site_name\" content=\"RCLIN\" \/>\n<meta property=\"article:modified_time\" content=\"2024-11-13T04:03:29+00:00\" \/>\n<meta property=\"og:image\" content=\"https:\/\/swiss-genetics.com\/wp-content\/uploads\/2023\/01\/test_v2.jpg\" \/>\n\t<meta property=\"og:image:width\" content=\"1430\" \/>\n\t<meta property=\"og:image:height\" content=\"450\" \/>\n\t<meta property=\"og:image:type\" content=\"image\/jpeg\" \/>\n<meta name=\"twitter:card\" content=\"summary_large_image\" \/>\n<meta name=\"twitter:image\" content=\"https:\/\/swiss-genetics.com\/wp-content\/uploads\/2023\/01\/test_v2.jpg\" \/>\n<meta name=\"twitter:label1\" content=\"Dur\u00e9e de lecture estim\u00e9e\" \/>\n\t<meta name=\"twitter:data1\" content=\"1 minute\" \/>\n<script type=\"application\/ld+json\" class=\"yoast-schema-graph\">{\"@context\":\"https:\/\/schema.org\",\"@graph\":[{\"@type\":\"WebPage\",\"@id\":\"https:\/\/swiss-genetics.com\/fr\/panels-de-test\/\",\"url\":\"https:\/\/swiss-genetics.com\/fr\/panels-de-test\/\",\"name\":\"PANELS DE TEST - Swiss Center for Genetics\",\"isPartOf\":{\"@id\":\"https:\/\/swiss-genetics.com\/fr\/#website\"},\"datePublished\":\"2023-01-18T16:50:25+00:00\",\"dateModified\":\"2024-11-13T04:03:29+00:00\",\"breadcrumb\":{\"@id\":\"https:\/\/swiss-genetics.com\/fr\/panels-de-test\/#breadcrumb\"},\"inLanguage\":\"fr-FR\",\"potentialAction\":[{\"@type\":\"ReadAction\",\"target\":[\"https:\/\/swiss-genetics.com\/fr\/panels-de-test\/\"]}]},{\"@type\":\"BreadcrumbList\",\"@id\":\"https:\/\/swiss-genetics.com\/fr\/panels-de-test\/#breadcrumb\",\"itemListElement\":[{\"@type\":\"ListItem\",\"position\":1,\"name\":\"Home\",\"item\":\"https:\/\/swiss-genetics.com\/fr\/\"},{\"@type\":\"ListItem\",\"position\":2,\"name\":\"PANELS DE TEST\"}]},{\"@type\":\"WebSite\",\"@id\":\"https:\/\/swiss-genetics.com\/fr\/#website\",\"url\":\"https:\/\/swiss-genetics.com\/fr\/\",\"name\":\"RCLIN\",\"description\":\"\",\"alternateName\":\"Rclin Swiss Center for Genetics\",\"potentialAction\":[{\"@type\":\"SearchAction\",\"target\":{\"@type\":\"EntryPoint\",\"urlTemplate\":\"https:\/\/swiss-genetics.com\/fr\/?s={search_term_string}\"},\"query-input\":\"required name=search_term_string\"}],\"inLanguage\":\"fr-FR\"}]}<\/script>\n<!-- \/ Yoast SEO plugin. -->","yoast_head_json":{"title":"PANELS DE TEST - Swiss Center for Genetics","robots":{"index":"index","follow":"follow","max-snippet":"max-snippet:-1","max-image-preview":"max-image-preview:large","max-video-preview":"max-video-preview:-1"},"canonical":"https:\/\/swiss-genetics.com\/fr\/panels-de-test\/","og_locale":"fr_FR","og_type":"article","og_title":"PANELS DE TEST - Swiss Center for Genetics","og_description":"D\u00e9couvrez nos tests g\u00e9n\u00e9tiques:","og_url":"https:\/\/swiss-genetics.com\/fr\/panels-de-test\/","og_site_name":"RCLIN","article_modified_time":"2024-11-13T04:03:29+00:00","og_image":[{"width":1430,"height":450,"url":"https:\/\/swiss-genetics.com\/wp-content\/uploads\/2023\/01\/test_v2.jpg","type":"image\/jpeg"}],"twitter_card":"summary_large_image","twitter_image":"https:\/\/swiss-genetics.com\/wp-content\/uploads\/2023\/01\/test_v2.jpg","twitter_misc":{"Dur\u00e9e de lecture estim\u00e9e":"1 minute"},"schema":{"@context":"https:\/\/schema.org","@graph":[{"@type":"WebPage","@id":"https:\/\/swiss-genetics.com\/fr\/panels-de-test\/","url":"https:\/\/swiss-genetics.com\/fr\/panels-de-test\/","name":"PANELS DE TEST - Swiss Center for Genetics","isPartOf":{"@id":"https:\/\/swiss-genetics.com\/fr\/#website"},"datePublished":"2023-01-18T16:50:25+00:00","dateModified":"2024-11-13T04:03:29+00:00","breadcrumb":{"@id":"https:\/\/swiss-genetics.com\/fr\/panels-de-test\/#breadcrumb"},"inLanguage":"fr-FR","potentialAction":[{"@type":"ReadAction","target":["https:\/\/swiss-genetics.com\/fr\/panels-de-test\/"]}]},{"@type":"BreadcrumbList","@id":"https:\/\/swiss-genetics.com\/fr\/panels-de-test\/#breadcrumb","itemListElement":[{"@type":"ListItem","position":1,"name":"Home","item":"https:\/\/swiss-genetics.com\/fr\/"},{"@type":"ListItem","position":2,"name":"PANELS DE TEST"}]},{"@type":"WebSite","@id":"https:\/\/swiss-genetics.com\/fr\/#website","url":"https:\/\/swiss-genetics.com\/fr\/","name":"RCLIN","description":"","alternateName":"Rclin Swiss Center for Genetics","potentialAction":[{"@type":"SearchAction","target":{"@type":"EntryPoint","urlTemplate":"https:\/\/swiss-genetics.com\/fr\/?s={search_term_string}"},"query-input":"required name=search_term_string"}],"inLanguage":"fr-FR"}]}},"_links":{"self":[{"href":"https:\/\/swiss-genetics.com\/fr\/wp-json\/wp\/v2\/pages\/7147"}],"collection":[{"href":"https:\/\/swiss-genetics.com\/fr\/wp-json\/wp\/v2\/pages"}],"about":[{"href":"https:\/\/swiss-genetics.com\/fr\/wp-json\/wp\/v2\/types\/page"}],"author":[{"embeddable":true,"href":"https:\/\/swiss-genetics.com\/fr\/wp-json\/wp\/v2\/users\/1"}],"replies":[{"embeddable":true,"href":"https:\/\/swiss-genetics.com\/fr\/wp-json\/wp\/v2\/comments?post=7147"}],"version-history":[{"count":14,"href":"https:\/\/swiss-genetics.com\/fr\/wp-json\/wp\/v2\/pages\/7147\/revisions"}],"predecessor-version":[{"id":8356,"href":"https:\/\/swiss-genetics.com\/fr\/wp-json\/wp\/v2\/pages\/7147\/revisions\/8356"}],"wp:featuredmedia":[{"embeddable":true,"href":"https:\/\/swiss-genetics.com\/fr\/wp-json\/wp\/v2\/media\/6997"}],"wp:attachment":[{"href":"https:\/\/swiss-genetics.com\/fr\/wp-json\/wp\/v2\/media?parent=7147"}],"curies":[{"name":"wp","href":"https:\/\/api.w.org\/{rel}","templated":true}]}}