{"id":7405,"date":"2023-07-12T12:48:57","date_gmt":"2023-07-12T09:48:57","guid":{"rendered":"https:\/\/swiss-genetics.com\/our-services\/"},"modified":"2024-03-08T14:26:52","modified_gmt":"2024-03-08T11:26:52","slug":"nos-services","status":"publish","type":"page","link":"https:\/\/swiss-genetics.com\/fr\/nos-services\/","title":{"rendered":"NOS SERVICES"},"content":{"rendered":"<p>Chez Swiss Center for Genetics, nous effectuons des tests g\u00e9n\u00e9tiques, nous analysons les donn\u00e9es, nous d\u00e9veloppons des recommandations et des protocoles personnalis\u00e9s, puis nous fabriquons en marque blanche et \u00e0 la demande des produits pour les professionnels de la sant\u00e9 et de la beaut\u00e9.<\/p>\n<p>Notre expertise se concentre principalement sur les aspects cl\u00e9s dans les domaines de la beaut\u00e9 et de la sant\u00e9 : les hormones, le detox, la peau, la fertilit\u00e9, le poids et le stress.<\/p>\n<p>Notre engagement\u00a0: fournir des tests g\u00e9n\u00e9tiques de premi\u00e8re qualit\u00e9, ainsi que des rapports d\u00e9taill\u00e9s accessibles et complets pour soutenir les professionnels dans leur pratique quotidienne.<\/p>\n<h2 id=\"mission\" class=\"h3 left_line\" style=\"text-align: left !important; margin-top: 2rem; margin-bottom: 2rem;\">QUE CONTIENT NOS RAPPORTS ?<\/h2>\n<div class=\"title_eyebrow\" style=\"margin-top: 2rem; margin-bottom: 1rem;\"><\/div>\n<p>Chaque rapport g\u00e9n\u00e9tique \u00e0 l\u2019attention des professionnels comprend les \u00e9l\u00e9ments suivants\u00a0:<\/p>\n<ul>\n<li>Une introduction et un r\u00e9capitulatif des enjeux li\u00e9s au domaine d\u2019\u00e9tude<\/li>\n<li>Un r\u00e9sum\u00e9 des r\u00e9sultats du test<\/li>\n<li>Les r\u00e9sultats d\u00e9taill\u00e9s des pr\u00e9dispositions g\u00e9n\u00e9tiques<\/li>\n<li>Des recommandations et protocoles personnalis\u00e9s (style de vie, di\u00e9t\u00e9tique, nutriceutiques, tests biochimiques pour une \u00e9tude approfondie, produits recommand\u00e9s bas\u00e9s sur la g\u00e9n\u00e9tique individuelle, etc.)<\/li>\n<li>Une formulation personnalis\u00e9e (optionnelle)<\/li>\n<\/ul>\n","protected":false},"excerpt":{"rendered":"<p>Chez Swiss Center for Genetics, nous effectuons des tests g\u00e9n\u00e9tiques, nous analysons les donn\u00e9es, nous d\u00e9veloppons des recommandations et des&#8230;<\/p>\n","protected":false},"author":1,"featured_media":6429,"parent":0,"menu_order":0,"comment_status":"closed","ping_status":"closed","template":"page-basic-page.php","meta":[],"acf":[],"yoast_head":"<!-- This site is optimized with the Yoast SEO plugin v20.8 - https:\/\/yoast.com\/wordpress\/plugins\/seo\/ -->\n<title>NOS SERVICES - Rclin Swiss Center for Genetics<\/title>\n<meta name=\"robots\" content=\"index, follow, max-snippet:-1, max-image-preview:large, max-video-preview:-1\" \/>\n<link rel=\"canonical\" href=\"https:\/\/swiss-genetics.com\/fr\/nos-services\/\" \/>\n<meta property=\"og:locale\" content=\"fr_FR\" \/>\n<meta property=\"og:type\" content=\"article\" \/>\n<meta property=\"og:title\" content=\"NOS SERVICES - Rclin Swiss Center for Genetics\" \/>\n<meta property=\"og:description\" content=\"Chez Swiss Center for Genetics, nous effectuons des tests g\u00e9n\u00e9tiques, nous analysons les donn\u00e9es, nous d\u00e9veloppons des recommandations et des...\" \/>\n<meta property=\"og:url\" content=\"https:\/\/swiss-genetics.com\/fr\/nos-services\/\" \/>\n<meta property=\"og:site_name\" content=\"RCLIN\" \/>\n<meta property=\"article:modified_time\" content=\"2024-03-08T11:26:52+00:00\" \/>\n<meta property=\"og:image\" content=\"https:\/\/swiss-genetics.com\/wp-content\/uploads\/2023\/01\/slide4-min-1-min.jpg\" \/>\n\t<meta property=\"og:image:width\" content=\"2880\" \/>\n\t<meta property=\"og:image:height\" content=\"999\" \/>\n\t<meta property=\"og:image:type\" content=\"image\/jpeg\" \/>\n<meta name=\"twitter:card\" content=\"summary_large_image\" \/>\n<meta name=\"twitter:label1\" content=\"Dur\u00e9e de lecture estim\u00e9e\" \/>\n\t<meta name=\"twitter:data1\" content=\"1 minute\" \/>\n<script type=\"application\/ld+json\" class=\"yoast-schema-graph\">{\"@context\":\"https:\/\/schema.org\",\"@graph\":[{\"@type\":\"WebPage\",\"@id\":\"https:\/\/swiss-genetics.com\/fr\/nos-services\/\",\"url\":\"https:\/\/swiss-genetics.com\/fr\/nos-services\/\",\"name\":\"NOS SERVICES - Rclin Swiss Center for Genetics\",\"isPartOf\":{\"@id\":\"https:\/\/swiss-genetics.com\/fr\/#website\"},\"datePublished\":\"2023-07-12T09:48:57+00:00\",\"dateModified\":\"2024-03-08T11:26:52+00:00\",\"breadcrumb\":{\"@id\":\"https:\/\/swiss-genetics.com\/fr\/nos-services\/#breadcrumb\"},\"inLanguage\":\"fr-FR\",\"potentialAction\":[{\"@type\":\"ReadAction\",\"target\":[\"https:\/\/swiss-genetics.com\/fr\/nos-services\/\"]}]},{\"@type\":\"BreadcrumbList\",\"@id\":\"https:\/\/swiss-genetics.com\/fr\/nos-services\/#breadcrumb\",\"itemListElement\":[{\"@type\":\"ListItem\",\"position\":1,\"name\":\"Home\",\"item\":\"https:\/\/swiss-genetics.com\/fr\/\"},{\"@type\":\"ListItem\",\"position\":2,\"name\":\"NOS SERVICES\"}]},{\"@type\":\"WebSite\",\"@id\":\"https:\/\/swiss-genetics.com\/fr\/#website\",\"url\":\"https:\/\/swiss-genetics.com\/fr\/\",\"name\":\"RCLIN\",\"description\":\"\",\"alternateName\":\"Rclin Swiss Center for Genetics\",\"potentialAction\":[{\"@type\":\"SearchAction\",\"target\":{\"@type\":\"EntryPoint\",\"urlTemplate\":\"https:\/\/swiss-genetics.com\/fr\/?s={search_term_string}\"},\"query-input\":\"required name=search_term_string\"}],\"inLanguage\":\"fr-FR\"}]}<\/script>\n<!-- \/ Yoast SEO plugin. -->","yoast_head_json":{"title":"NOS SERVICES - Rclin Swiss Center for Genetics","robots":{"index":"index","follow":"follow","max-snippet":"max-snippet:-1","max-image-preview":"max-image-preview:large","max-video-preview":"max-video-preview:-1"},"canonical":"https:\/\/swiss-genetics.com\/fr\/nos-services\/","og_locale":"fr_FR","og_type":"article","og_title":"NOS SERVICES - Rclin Swiss Center for Genetics","og_description":"Chez Swiss Center for Genetics, nous effectuons des tests g\u00e9n\u00e9tiques, nous analysons les donn\u00e9es, nous d\u00e9veloppons des recommandations et des...","og_url":"https:\/\/swiss-genetics.com\/fr\/nos-services\/","og_site_name":"RCLIN","article_modified_time":"2024-03-08T11:26:52+00:00","og_image":[{"width":2880,"height":999,"url":"https:\/\/swiss-genetics.com\/wp-content\/uploads\/2023\/01\/slide4-min-1-min.jpg","type":"image\/jpeg"}],"twitter_card":"summary_large_image","twitter_misc":{"Dur\u00e9e de lecture estim\u00e9e":"1 minute"},"schema":{"@context":"https:\/\/schema.org","@graph":[{"@type":"WebPage","@id":"https:\/\/swiss-genetics.com\/fr\/nos-services\/","url":"https:\/\/swiss-genetics.com\/fr\/nos-services\/","name":"NOS SERVICES - Rclin Swiss Center for Genetics","isPartOf":{"@id":"https:\/\/swiss-genetics.com\/fr\/#website"},"datePublished":"2023-07-12T09:48:57+00:00","dateModified":"2024-03-08T11:26:52+00:00","breadcrumb":{"@id":"https:\/\/swiss-genetics.com\/fr\/nos-services\/#breadcrumb"},"inLanguage":"fr-FR","potentialAction":[{"@type":"ReadAction","target":["https:\/\/swiss-genetics.com\/fr\/nos-services\/"]}]},{"@type":"BreadcrumbList","@id":"https:\/\/swiss-genetics.com\/fr\/nos-services\/#breadcrumb","itemListElement":[{"@type":"ListItem","position":1,"name":"Home","item":"https:\/\/swiss-genetics.com\/fr\/"},{"@type":"ListItem","position":2,"name":"NOS SERVICES"}]},{"@type":"WebSite","@id":"https:\/\/swiss-genetics.com\/fr\/#website","url":"https:\/\/swiss-genetics.com\/fr\/","name":"RCLIN","description":"","alternateName":"Rclin Swiss Center for Genetics","potentialAction":[{"@type":"SearchAction","target":{"@type":"EntryPoint","urlTemplate":"https:\/\/swiss-genetics.com\/fr\/?s={search_term_string}"},"query-input":"required name=search_term_string"}],"inLanguage":"fr-FR"}]}},"_links":{"self":[{"href":"https:\/\/swiss-genetics.com\/fr\/wp-json\/wp\/v2\/pages\/7405"}],"collection":[{"href":"https:\/\/swiss-genetics.com\/fr\/wp-json\/wp\/v2\/pages"}],"about":[{"href":"https:\/\/swiss-genetics.com\/fr\/wp-json\/wp\/v2\/types\/page"}],"author":[{"embeddable":true,"href":"https:\/\/swiss-genetics.com\/fr\/wp-json\/wp\/v2\/users\/1"}],"replies":[{"embeddable":true,"href":"https:\/\/swiss-genetics.com\/fr\/wp-json\/wp\/v2\/comments?post=7405"}],"version-history":[{"count":6,"href":"https:\/\/swiss-genetics.com\/fr\/wp-json\/wp\/v2\/pages\/7405\/revisions"}],"predecessor-version":[{"id":8018,"href":"https:\/\/swiss-genetics.com\/fr\/wp-json\/wp\/v2\/pages\/7405\/revisions\/8018"}],"wp:featuredmedia":[{"embeddable":true,"href":"https:\/\/swiss-genetics.com\/fr\/wp-json\/wp\/v2\/media\/6429"}],"wp:attachment":[{"href":"https:\/\/swiss-genetics.com\/fr\/wp-json\/wp\/v2\/media?parent=7405"}],"curies":[{"name":"wp","href":"https:\/\/api.w.org\/{rel}","templated":true}]}}